{"id":100645,"date":"2024-05-15T11:03:52","date_gmt":"2024-05-15T10:03:52","guid":{"rendered":"https:\/\/maperle.fr\/?post_type=product&#038;p=100645"},"modified":"2024-06-01T21:00:51","modified_gmt":"2024-06-01T20:00:51","slug":"cordon","status":"publish","type":"product","link":"https:\/\/maperle.fr\/en\/produit\/cordon\/","title":{"rendered":"Cordon"},"content":{"rendered":"<p>Ce bracelet sur cordon cir\u00e9 noir tr\u00e8s moderne est propos\u00e9 sous diff\u00e9rents coloris et pierres naturelles. Les bleus, Verts, Rouge et Rose sont en agate. Marron pour l&#8217;\u0153il du tigre, Mauve pour l&#8217;am\u00e9thyste, Translucide pour la pierre de lune et blanc pour la nacre.<\/p>\n","protected":false},"excerpt":{"rendered":"<p>Ce bracelet sur cordon cir\u00e9 noir tr\u00e8s moderne est propos\u00e9 sous diff\u00e9rents coloris et pierres naturelles. Les bleus, Verts, Rouge et Rose sont en agate. Marron pour l&#8217;\u0153il du tigre, Mauve pour l&#8217;am\u00e9thyste, Translucide pour la pierre de lune et blanc pour la nacre.<\/p>\n","protected":false},"featured_media":101229,"comment_status":"open","ping_status":"closed","template":"","meta":{"_et_pb_use_builder":"","_et_pb_old_content":"","_et_gb_content_width":""},"product_brand":[],"product_cat":[164,50,132,136,162,143,144,140,148,146],"product_tag":[],"class_list":{"0":"post-100645","1":"product","2":"type-product","3":"status-publish","4":"has-post-thumbnail","6":"product_cat-categories","7":"product_cat-bracelet","8":"product_cat-materiaux","9":"product_cat-cordon-cire","10":"product_cat-pierres","11":"product_cat-agate","12":"product_cat-amethyste","13":"product_cat-oeil-de-tigre","14":"product_cat-pierre-de-lune","15":"product_cat-turquoise","17":"first","18":"instock","19":"shipping-taxable","20":"purchasable","21":"product-type-variable"},"yoast_head":"<!-- This site is optimized with the Yoast SEO plugin v24.7 - https:\/\/yoast.com\/wordpress\/plugins\/seo\/ -->\n<title>Cordon - Ma Perle<\/title>\n<meta name=\"robots\" content=\"index, follow, max-snippet:-1, max-image-preview:large, max-video-preview:-1\" \/>\n<link rel=\"canonical\" href=\"https:\/\/maperle.fr\/en\/produit\/cordon\/\" \/>\n<meta property=\"og:locale\" content=\"en_US\" \/>\n<meta property=\"og:type\" content=\"article\" \/>\n<meta property=\"og:title\" content=\"Cordon - Ma Perle\" \/>\n<meta property=\"og:description\" content=\"Ce bracelet sur cordon cir\u00e9 noir tr\u00e8s moderne est propos\u00e9 sous diff\u00e9rents coloris et pierres naturelles. Les bleus, Verts, Rouge et Rose sont en agate. Marron pour l&#8217;\u0153il du tigre, Mauve pour l&#8217;am\u00e9thyste, Translucide pour la pierre de lune et blanc pour la nacre.\" \/>\n<meta property=\"og:url\" content=\"https:\/\/maperle.fr\/en\/produit\/cordon\/\" \/>\n<meta property=\"og:site_name\" content=\"Ma Perle\" \/>\n<meta property=\"article:modified_time\" content=\"2024-06-01T20:00:51+00:00\" \/>\n<meta property=\"og:image\" content=\"https:\/\/maperle.fr\/wp-content\/uploads\/2024\/05\/IMG-20240523-WA0143.jpg\" \/>\n\t<meta property=\"og:image:width\" content=\"1580\" \/>\n\t<meta property=\"og:image:height\" content=\"1600\" \/>\n\t<meta property=\"og:image:type\" content=\"image\/jpeg\" \/>\n<meta name=\"twitter:card\" content=\"summary_large_image\" \/>\n<script type=\"application\/ld+json\" class=\"yoast-schema-graph\">{\"@context\":\"https:\/\/schema.org\",\"@graph\":[{\"@type\":\"WebPage\",\"@id\":\"https:\/\/maperle.fr\/en\/produit\/cordon\/\",\"url\":\"https:\/\/maperle.fr\/en\/produit\/cordon\/\",\"name\":\"Cordon - Ma Perle\",\"isPartOf\":{\"@id\":\"https:\/\/maperle.fr\/en\/#website\"},\"primaryImageOfPage\":{\"@id\":\"https:\/\/maperle.fr\/en\/produit\/cordon\/#primaryimage\"},\"image\":{\"@id\":\"https:\/\/maperle.fr\/en\/produit\/cordon\/#primaryimage\"},\"thumbnailUrl\":\"https:\/\/maperle.fr\/wp-content\/uploads\/2024\/05\/IMG-20240523-WA0143.jpg\",\"datePublished\":\"2024-05-15T10:03:52+00:00\",\"dateModified\":\"2024-06-01T20:00:51+00:00\",\"breadcrumb\":{\"@id\":\"https:\/\/maperle.fr\/en\/produit\/cordon\/#breadcrumb\"},\"inLanguage\":\"en-US\",\"potentialAction\":[{\"@type\":\"ReadAction\",\"target\":[\"https:\/\/maperle.fr\/en\/produit\/cordon\/\"]}]},{\"@type\":\"ImageObject\",\"inLanguage\":\"en-US\",\"@id\":\"https:\/\/maperle.fr\/en\/produit\/cordon\/#primaryimage\",\"url\":\"https:\/\/maperle.fr\/wp-content\/uploads\/2024\/05\/IMG-20240523-WA0143.jpg\",\"contentUrl\":\"https:\/\/maperle.fr\/wp-content\/uploads\/2024\/05\/IMG-20240523-WA0143.jpg\",\"width\":1580,\"height\":1600},{\"@type\":\"BreadcrumbList\",\"@id\":\"https:\/\/maperle.fr\/en\/produit\/cordon\/#breadcrumb\",\"itemListElement\":[{\"@type\":\"ListItem\",\"position\":1,\"name\":\"Accueil\",\"item\":\"https:\/\/maperle.fr\/en\/\"},{\"@type\":\"ListItem\",\"position\":2,\"name\":\"Shop\",\"item\":\"https:\/\/maperle.fr\/en\/shop\/\"},{\"@type\":\"ListItem\",\"position\":3,\"name\":\"Cordon\"}]},{\"@type\":\"WebSite\",\"@id\":\"https:\/\/maperle.fr\/en\/#website\",\"url\":\"https:\/\/maperle.fr\/en\/\",\"name\":\"Ma Perle\",\"description\":\"\",\"publisher\":{\"@id\":\"https:\/\/maperle.fr\/en\/#organization\"},\"potentialAction\":[{\"@type\":\"SearchAction\",\"target\":{\"@type\":\"EntryPoint\",\"urlTemplate\":\"https:\/\/maperle.fr\/en\/?s={search_term_string}\"},\"query-input\":{\"@type\":\"PropertyValueSpecification\",\"valueRequired\":true,\"valueName\":\"search_term_string\"}}],\"inLanguage\":\"en-US\"},{\"@type\":\"Organization\",\"@id\":\"https:\/\/maperle.fr\/en\/#organization\",\"name\":\"Ma Perle\",\"url\":\"https:\/\/maperle.fr\/en\/\",\"logo\":{\"@type\":\"ImageObject\",\"inLanguage\":\"en-US\",\"@id\":\"https:\/\/maperle.fr\/en\/#\/schema\/logo\/image\/\",\"url\":\"https:\/\/maperle.fr\/wp-content\/uploads\/2023\/11\/cropped-maperle-logo.png\",\"contentUrl\":\"https:\/\/maperle.fr\/wp-content\/uploads\/2023\/11\/cropped-maperle-logo.png\",\"width\":512,\"height\":512,\"caption\":\"Ma Perle\"},\"image\":{\"@id\":\"https:\/\/maperle.fr\/en\/#\/schema\/logo\/image\/\"}}]}<\/script>\n<!-- \/ Yoast SEO plugin. -->","yoast_head_json":{"title":"Cordon - Ma Perle","robots":{"index":"index","follow":"follow","max-snippet":"max-snippet:-1","max-image-preview":"max-image-preview:large","max-video-preview":"max-video-preview:-1"},"canonical":"https:\/\/maperle.fr\/en\/produit\/cordon\/","og_locale":"en_US","og_type":"article","og_title":"Cordon - Ma Perle","og_description":"Ce bracelet sur cordon cir\u00e9 noir tr\u00e8s moderne est propos\u00e9 sous diff\u00e9rents coloris et pierres naturelles. Les bleus, Verts, Rouge et Rose sont en agate. Marron pour l&#8217;\u0153il du tigre, Mauve pour l&#8217;am\u00e9thyste, Translucide pour la pierre de lune et blanc pour la nacre.","og_url":"https:\/\/maperle.fr\/en\/produit\/cordon\/","og_site_name":"Ma Perle","article_modified_time":"2024-06-01T20:00:51+00:00","og_image":[{"width":1580,"height":1600,"url":"https:\/\/maperle.fr\/wp-content\/uploads\/2024\/05\/IMG-20240523-WA0143.jpg","type":"image\/jpeg"}],"twitter_card":"summary_large_image","schema":{"@context":"https:\/\/schema.org","@graph":[{"@type":"WebPage","@id":"https:\/\/maperle.fr\/en\/produit\/cordon\/","url":"https:\/\/maperle.fr\/en\/produit\/cordon\/","name":"Cordon - Ma Perle","isPartOf":{"@id":"https:\/\/maperle.fr\/en\/#website"},"primaryImageOfPage":{"@id":"https:\/\/maperle.fr\/en\/produit\/cordon\/#primaryimage"},"image":{"@id":"https:\/\/maperle.fr\/en\/produit\/cordon\/#primaryimage"},"thumbnailUrl":"https:\/\/maperle.fr\/wp-content\/uploads\/2024\/05\/IMG-20240523-WA0143.jpg","datePublished":"2024-05-15T10:03:52+00:00","dateModified":"2024-06-01T20:00:51+00:00","breadcrumb":{"@id":"https:\/\/maperle.fr\/en\/produit\/cordon\/#breadcrumb"},"inLanguage":"en-US","potentialAction":[{"@type":"ReadAction","target":["https:\/\/maperle.fr\/en\/produit\/cordon\/"]}]},{"@type":"ImageObject","inLanguage":"en-US","@id":"https:\/\/maperle.fr\/en\/produit\/cordon\/#primaryimage","url":"https:\/\/maperle.fr\/wp-content\/uploads\/2024\/05\/IMG-20240523-WA0143.jpg","contentUrl":"https:\/\/maperle.fr\/wp-content\/uploads\/2024\/05\/IMG-20240523-WA0143.jpg","width":1580,"height":1600},{"@type":"BreadcrumbList","@id":"https:\/\/maperle.fr\/en\/produit\/cordon\/#breadcrumb","itemListElement":[{"@type":"ListItem","position":1,"name":"Accueil","item":"https:\/\/maperle.fr\/en\/"},{"@type":"ListItem","position":2,"name":"Shop","item":"https:\/\/maperle.fr\/en\/shop\/"},{"@type":"ListItem","position":3,"name":"Cordon"}]},{"@type":"WebSite","@id":"https:\/\/maperle.fr\/en\/#website","url":"https:\/\/maperle.fr\/en\/","name":"Ma Perle","description":"","publisher":{"@id":"https:\/\/maperle.fr\/en\/#organization"},"potentialAction":[{"@type":"SearchAction","target":{"@type":"EntryPoint","urlTemplate":"https:\/\/maperle.fr\/en\/?s={search_term_string}"},"query-input":{"@type":"PropertyValueSpecification","valueRequired":true,"valueName":"search_term_string"}}],"inLanguage":"en-US"},{"@type":"Organization","@id":"https:\/\/maperle.fr\/en\/#organization","name":"Ma Perle","url":"https:\/\/maperle.fr\/en\/","logo":{"@type":"ImageObject","inLanguage":"en-US","@id":"https:\/\/maperle.fr\/en\/#\/schema\/logo\/image\/","url":"https:\/\/maperle.fr\/wp-content\/uploads\/2023\/11\/cropped-maperle-logo.png","contentUrl":"https:\/\/maperle.fr\/wp-content\/uploads\/2023\/11\/cropped-maperle-logo.png","width":512,"height":512,"caption":"Ma Perle"},"image":{"@id":"https:\/\/maperle.fr\/en\/#\/schema\/logo\/image\/"}}]}},"jetpack_sharing_enabled":true,"_links":{"self":[{"href":"https:\/\/maperle.fr\/en\/wp-json\/wp\/v2\/product\/100645","targetHints":{"allow":["GET"]}}],"collection":[{"href":"https:\/\/maperle.fr\/en\/wp-json\/wp\/v2\/product"}],"about":[{"href":"https:\/\/maperle.fr\/en\/wp-json\/wp\/v2\/types\/product"}],"replies":[{"embeddable":true,"href":"https:\/\/maperle.fr\/en\/wp-json\/wp\/v2\/comments?post=100645"}],"wp:featuredmedia":[{"embeddable":true,"href":"https:\/\/maperle.fr\/en\/wp-json\/wp\/v2\/media\/101229"}],"wp:attachment":[{"href":"https:\/\/maperle.fr\/en\/wp-json\/wp\/v2\/media?parent=100645"}],"wp:term":[{"taxonomy":"product_brand","embeddable":true,"href":"https:\/\/maperle.fr\/en\/wp-json\/wp\/v2\/product_brand?post=100645"},{"taxonomy":"product_cat","embeddable":true,"href":"https:\/\/maperle.fr\/en\/wp-json\/wp\/v2\/product_cat?post=100645"},{"taxonomy":"product_tag","embeddable":true,"href":"https:\/\/maperle.fr\/en\/wp-json\/wp\/v2\/product_tag?post=100645"}],"curies":[{"name":"wp","href":"https:\/\/api.w.org\/{rel}","templated":true}]}}