{"id":100600,"date":"2024-02-14T09:52:12","date_gmt":"2024-02-14T08:52:12","guid":{"rendered":"https:\/\/maperle.fr\/?post_type=product&#038;p=100600"},"modified":"2024-06-01T21:32:27","modified_gmt":"2024-06-01T20:32:27","slug":"bouclier","status":"publish","type":"product","link":"https:\/\/maperle.fr\/en\/produit\/bouclier\/","title":{"rendered":"Bouclier"},"content":{"rendered":"<p>En lithoth\u00e9rapie, vous pouvez vous prot\u00e9ger \u00e0 l&#8217;aide d&#8217;un bracelet en \u0153il du tigre, \u0153il de taureau et \u0153il de faucon qui agit comme un bouclier contre les mauvaises \u00e9nergies environnantes. En plus des vertus protectrices des pierres naturelles, ce bracelet vous apportera courage, d\u00e9termination et force n\u00e9cessaire pour accueillir les preuves de la vie.<\/p>\n","protected":false},"excerpt":{"rendered":"<p>En lithoth\u00e9rapie, vous pouvez vous prot\u00e9ger \u00e0 l&#8217;aide d&#8217;un bracelet en \u0153il du tigre, \u0153il de taureau et \u0153il de faucon qui agit comme un bouclier contre les mauvaises \u00e9nergies environnantes. En plus des vertus protectrices des pierres naturelles, ce bracelet vous apportera courage, d\u00e9termination et force n\u00e9cessaire pour accueillir les preuves de la vie.<\/p>\n","protected":false},"featured_media":101186,"comment_status":"closed","ping_status":"closed","template":"","meta":{"_et_pb_use_builder":"","_et_pb_old_content":"","_et_gb_content_width":""},"product_brand":[],"product_cat":[164,50,132,151,162,152,153,140],"product_tag":[],"class_list":{"0":"post-100600","1":"product","2":"type-product","3":"status-publish","4":"has-post-thumbnail","6":"product_cat-categories","7":"product_cat-bracelet","8":"product_cat-materiaux","9":"product_cat-fil-extencible","10":"product_cat-pierres","11":"product_cat-oeil-de-faucon","12":"product_cat-oeil-de-taureau","13":"product_cat-oeil-de-tigre","15":"first","16":"instock","17":"shipping-taxable","18":"purchasable","19":"product-type-simple"},"yoast_head":"<!-- This site is optimized with the Yoast SEO plugin v24.7 - https:\/\/yoast.com\/wordpress\/plugins\/seo\/ -->\n<title>Bouclier - Ma Perle<\/title>\n<meta name=\"robots\" content=\"index, follow, max-snippet:-1, max-image-preview:large, max-video-preview:-1\" \/>\n<link rel=\"canonical\" href=\"https:\/\/maperle.fr\/en\/produit\/bouclier\/\" \/>\n<meta property=\"og:locale\" content=\"en_US\" \/>\n<meta property=\"og:type\" content=\"article\" \/>\n<meta property=\"og:title\" content=\"Bouclier - Ma Perle\" \/>\n<meta property=\"og:description\" content=\"En lithoth\u00e9rapie, vous pouvez vous prot\u00e9ger \u00e0 l&#8217;aide d&#8217;un bracelet en \u0153il du tigre, \u0153il de taureau et \u0153il de faucon qui agit comme un bouclier contre les mauvaises \u00e9nergies environnantes. En plus des vertus protectrices des pierres naturelles, ce bracelet vous apportera courage, d\u00e9termination et force n\u00e9cessaire pour accueillir les preuves de la vie.\" \/>\n<meta property=\"og:url\" content=\"https:\/\/maperle.fr\/en\/produit\/bouclier\/\" \/>\n<meta property=\"og:site_name\" content=\"Ma Perle\" \/>\n<meta property=\"article:modified_time\" content=\"2024-06-01T20:32:27+00:00\" \/>\n<meta property=\"og:image\" content=\"https:\/\/maperle.fr\/wp-content\/uploads\/2024\/05\/IMG-20240523-WA0100.jpg\" \/>\n\t<meta property=\"og:image:width\" content=\"1600\" \/>\n\t<meta property=\"og:image:height\" content=\"1596\" \/>\n\t<meta property=\"og:image:type\" content=\"image\/jpeg\" \/>\n<meta name=\"twitter:card\" content=\"summary_large_image\" \/>\n<script type=\"application\/ld+json\" class=\"yoast-schema-graph\">{\"@context\":\"https:\/\/schema.org\",\"@graph\":[{\"@type\":\"WebPage\",\"@id\":\"https:\/\/maperle.fr\/en\/produit\/bouclier\/\",\"url\":\"https:\/\/maperle.fr\/en\/produit\/bouclier\/\",\"name\":\"Bouclier - Ma Perle\",\"isPartOf\":{\"@id\":\"https:\/\/maperle.fr\/en\/#website\"},\"primaryImageOfPage\":{\"@id\":\"https:\/\/maperle.fr\/en\/produit\/bouclier\/#primaryimage\"},\"image\":{\"@id\":\"https:\/\/maperle.fr\/en\/produit\/bouclier\/#primaryimage\"},\"thumbnailUrl\":\"https:\/\/maperle.fr\/wp-content\/uploads\/2024\/05\/IMG-20240523-WA0100.jpg\",\"datePublished\":\"2024-02-14T08:52:12+00:00\",\"dateModified\":\"2024-06-01T20:32:27+00:00\",\"breadcrumb\":{\"@id\":\"https:\/\/maperle.fr\/en\/produit\/bouclier\/#breadcrumb\"},\"inLanguage\":\"en-US\",\"potentialAction\":[{\"@type\":\"ReadAction\",\"target\":[\"https:\/\/maperle.fr\/en\/produit\/bouclier\/\"]}]},{\"@type\":\"ImageObject\",\"inLanguage\":\"en-US\",\"@id\":\"https:\/\/maperle.fr\/en\/produit\/bouclier\/#primaryimage\",\"url\":\"https:\/\/maperle.fr\/wp-content\/uploads\/2024\/05\/IMG-20240523-WA0100.jpg\",\"contentUrl\":\"https:\/\/maperle.fr\/wp-content\/uploads\/2024\/05\/IMG-20240523-WA0100.jpg\",\"width\":1600,\"height\":1596},{\"@type\":\"BreadcrumbList\",\"@id\":\"https:\/\/maperle.fr\/en\/produit\/bouclier\/#breadcrumb\",\"itemListElement\":[{\"@type\":\"ListItem\",\"position\":1,\"name\":\"Accueil\",\"item\":\"https:\/\/maperle.fr\/en\/\"},{\"@type\":\"ListItem\",\"position\":2,\"name\":\"Shop\",\"item\":\"https:\/\/maperle.fr\/en\/shop\/\"},{\"@type\":\"ListItem\",\"position\":3,\"name\":\"Bouclier\"}]},{\"@type\":\"WebSite\",\"@id\":\"https:\/\/maperle.fr\/en\/#website\",\"url\":\"https:\/\/maperle.fr\/en\/\",\"name\":\"Ma Perle\",\"description\":\"\",\"publisher\":{\"@id\":\"https:\/\/maperle.fr\/en\/#organization\"},\"potentialAction\":[{\"@type\":\"SearchAction\",\"target\":{\"@type\":\"EntryPoint\",\"urlTemplate\":\"https:\/\/maperle.fr\/en\/?s={search_term_string}\"},\"query-input\":{\"@type\":\"PropertyValueSpecification\",\"valueRequired\":true,\"valueName\":\"search_term_string\"}}],\"inLanguage\":\"en-US\"},{\"@type\":\"Organization\",\"@id\":\"https:\/\/maperle.fr\/en\/#organization\",\"name\":\"Ma Perle\",\"url\":\"https:\/\/maperle.fr\/en\/\",\"logo\":{\"@type\":\"ImageObject\",\"inLanguage\":\"en-US\",\"@id\":\"https:\/\/maperle.fr\/en\/#\/schema\/logo\/image\/\",\"url\":\"https:\/\/maperle.fr\/wp-content\/uploads\/2023\/11\/cropped-maperle-logo.png\",\"contentUrl\":\"https:\/\/maperle.fr\/wp-content\/uploads\/2023\/11\/cropped-maperle-logo.png\",\"width\":512,\"height\":512,\"caption\":\"Ma Perle\"},\"image\":{\"@id\":\"https:\/\/maperle.fr\/en\/#\/schema\/logo\/image\/\"}}]}<\/script>\n<!-- \/ Yoast SEO plugin. -->","yoast_head_json":{"title":"Bouclier - Ma Perle","robots":{"index":"index","follow":"follow","max-snippet":"max-snippet:-1","max-image-preview":"max-image-preview:large","max-video-preview":"max-video-preview:-1"},"canonical":"https:\/\/maperle.fr\/en\/produit\/bouclier\/","og_locale":"en_US","og_type":"article","og_title":"Bouclier - Ma Perle","og_description":"En lithoth\u00e9rapie, vous pouvez vous prot\u00e9ger \u00e0 l&#8217;aide d&#8217;un bracelet en \u0153il du tigre, \u0153il de taureau et \u0153il de faucon qui agit comme un bouclier contre les mauvaises \u00e9nergies environnantes. En plus des vertus protectrices des pierres naturelles, ce bracelet vous apportera courage, d\u00e9termination et force n\u00e9cessaire pour accueillir les preuves de la vie.","og_url":"https:\/\/maperle.fr\/en\/produit\/bouclier\/","og_site_name":"Ma Perle","article_modified_time":"2024-06-01T20:32:27+00:00","og_image":[{"width":1600,"height":1596,"url":"https:\/\/maperle.fr\/wp-content\/uploads\/2024\/05\/IMG-20240523-WA0100.jpg","type":"image\/jpeg"}],"twitter_card":"summary_large_image","schema":{"@context":"https:\/\/schema.org","@graph":[{"@type":"WebPage","@id":"https:\/\/maperle.fr\/en\/produit\/bouclier\/","url":"https:\/\/maperle.fr\/en\/produit\/bouclier\/","name":"Bouclier - Ma Perle","isPartOf":{"@id":"https:\/\/maperle.fr\/en\/#website"},"primaryImageOfPage":{"@id":"https:\/\/maperle.fr\/en\/produit\/bouclier\/#primaryimage"},"image":{"@id":"https:\/\/maperle.fr\/en\/produit\/bouclier\/#primaryimage"},"thumbnailUrl":"https:\/\/maperle.fr\/wp-content\/uploads\/2024\/05\/IMG-20240523-WA0100.jpg","datePublished":"2024-02-14T08:52:12+00:00","dateModified":"2024-06-01T20:32:27+00:00","breadcrumb":{"@id":"https:\/\/maperle.fr\/en\/produit\/bouclier\/#breadcrumb"},"inLanguage":"en-US","potentialAction":[{"@type":"ReadAction","target":["https:\/\/maperle.fr\/en\/produit\/bouclier\/"]}]},{"@type":"ImageObject","inLanguage":"en-US","@id":"https:\/\/maperle.fr\/en\/produit\/bouclier\/#primaryimage","url":"https:\/\/maperle.fr\/wp-content\/uploads\/2024\/05\/IMG-20240523-WA0100.jpg","contentUrl":"https:\/\/maperle.fr\/wp-content\/uploads\/2024\/05\/IMG-20240523-WA0100.jpg","width":1600,"height":1596},{"@type":"BreadcrumbList","@id":"https:\/\/maperle.fr\/en\/produit\/bouclier\/#breadcrumb","itemListElement":[{"@type":"ListItem","position":1,"name":"Accueil","item":"https:\/\/maperle.fr\/en\/"},{"@type":"ListItem","position":2,"name":"Shop","item":"https:\/\/maperle.fr\/en\/shop\/"},{"@type":"ListItem","position":3,"name":"Bouclier"}]},{"@type":"WebSite","@id":"https:\/\/maperle.fr\/en\/#website","url":"https:\/\/maperle.fr\/en\/","name":"Ma Perle","description":"","publisher":{"@id":"https:\/\/maperle.fr\/en\/#organization"},"potentialAction":[{"@type":"SearchAction","target":{"@type":"EntryPoint","urlTemplate":"https:\/\/maperle.fr\/en\/?s={search_term_string}"},"query-input":{"@type":"PropertyValueSpecification","valueRequired":true,"valueName":"search_term_string"}}],"inLanguage":"en-US"},{"@type":"Organization","@id":"https:\/\/maperle.fr\/en\/#organization","name":"Ma Perle","url":"https:\/\/maperle.fr\/en\/","logo":{"@type":"ImageObject","inLanguage":"en-US","@id":"https:\/\/maperle.fr\/en\/#\/schema\/logo\/image\/","url":"https:\/\/maperle.fr\/wp-content\/uploads\/2023\/11\/cropped-maperle-logo.png","contentUrl":"https:\/\/maperle.fr\/wp-content\/uploads\/2023\/11\/cropped-maperle-logo.png","width":512,"height":512,"caption":"Ma Perle"},"image":{"@id":"https:\/\/maperle.fr\/en\/#\/schema\/logo\/image\/"}}]}},"jetpack_sharing_enabled":true,"_links":{"self":[{"href":"https:\/\/maperle.fr\/en\/wp-json\/wp\/v2\/product\/100600","targetHints":{"allow":["GET"]}}],"collection":[{"href":"https:\/\/maperle.fr\/en\/wp-json\/wp\/v2\/product"}],"about":[{"href":"https:\/\/maperle.fr\/en\/wp-json\/wp\/v2\/types\/product"}],"replies":[{"embeddable":true,"href":"https:\/\/maperle.fr\/en\/wp-json\/wp\/v2\/comments?post=100600"}],"wp:featuredmedia":[{"embeddable":true,"href":"https:\/\/maperle.fr\/en\/wp-json\/wp\/v2\/media\/101186"}],"wp:attachment":[{"href":"https:\/\/maperle.fr\/en\/wp-json\/wp\/v2\/media?parent=100600"}],"wp:term":[{"taxonomy":"product_brand","embeddable":true,"href":"https:\/\/maperle.fr\/en\/wp-json\/wp\/v2\/product_brand?post=100600"},{"taxonomy":"product_cat","embeddable":true,"href":"https:\/\/maperle.fr\/en\/wp-json\/wp\/v2\/product_cat?post=100600"},{"taxonomy":"product_tag","embeddable":true,"href":"https:\/\/maperle.fr\/en\/wp-json\/wp\/v2\/product_tag?post=100600"}],"curies":[{"name":"wp","href":"https:\/\/api.w.org\/{rel}","templated":true}]}}