{"id":100589,"date":"2024-02-14T09:42:51","date_gmt":"2024-02-14T08:42:51","guid":{"rendered":"https:\/\/maperle.fr\/?post_type=product&#038;p=100589"},"modified":"2024-06-01T21:35:39","modified_gmt":"2024-06-01T20:35:39","slug":"ronde","status":"publish","type":"product","link":"https:\/\/maperle.fr\/en\/produit\/ronde\/","title":{"rendered":"Ronde"},"content":{"rendered":"<p>Ces boucles d&#8217;oreille sont en acier inoxydable. Marron pour l&#8217;\u0153il du tigre. En Feng Shui, cette pierre est utilis\u00e9e pour purifier, prot\u00e9ger et \u00e9loigner toutes influences n\u00e9gatives autour de vous. Noir pour l&#8217;h\u00e9matite, pierre \u00e9quilibrante du corps et de l&#8217;esprit. Rose pour le quartz rose, qui renforce l&#8217;amour et la confiance en soi.<\/p>\n","protected":false},"excerpt":{"rendered":"<p>Ces boucles d&#8217;oreille sont en acier inoxydable. Marron pour l&#8217;\u0153il du tigre. En Feng Shui, cette pierre est utilis\u00e9e pour purifier, prot\u00e9ger et \u00e9loigner toutes influences n\u00e9gatives autour de vous. Noir pour l&#8217;h\u00e9matite, pierre \u00e9quilibrante du corps et de l&#8217;esprit. Rose pour le quartz rose, qui renforce l&#8217;amour et la confiance en soi.<\/p>\n","protected":false},"featured_media":101185,"comment_status":"closed","ping_status":"closed","template":"","meta":{"_et_pb_use_builder":"","_et_pb_old_content":"","_et_gb_content_width":""},"product_brand":[],"product_cat":[164,168,132,135,162,150,140,147],"product_tag":[],"class_list":{"0":"post-100589","1":"product","2":"type-product","3":"status-publish","4":"has-post-thumbnail","6":"product_cat-categories","7":"product_cat-bdo","8":"product_cat-materiaux","9":"product_cat-acier-inoxydable","10":"product_cat-pierres","11":"product_cat-hematite","12":"product_cat-oeil-de-tigre","13":"product_cat-quartz-rose","15":"first","16":"instock","17":"shipping-taxable","18":"purchasable","19":"product-type-variable"},"yoast_head":"<!-- This site is optimized with the Yoast SEO plugin v24.7 - https:\/\/yoast.com\/wordpress\/plugins\/seo\/ -->\n<title>Ronde - Ma Perle<\/title>\n<meta name=\"robots\" content=\"index, follow, max-snippet:-1, max-image-preview:large, max-video-preview:-1\" \/>\n<link rel=\"canonical\" href=\"https:\/\/maperle.fr\/en\/produit\/ronde\/\" \/>\n<meta property=\"og:locale\" content=\"en_US\" \/>\n<meta property=\"og:type\" content=\"article\" \/>\n<meta property=\"og:title\" content=\"Ronde - Ma Perle\" \/>\n<meta property=\"og:description\" content=\"Ces boucles d&#8217;oreille sont en acier inoxydable. Marron pour l&#8217;\u0153il du tigre. En Feng Shui, cette pierre est utilis\u00e9e pour purifier, prot\u00e9ger et \u00e9loigner toutes influences n\u00e9gatives autour de vous. Noir pour l&#8217;h\u00e9matite, pierre \u00e9quilibrante du corps et de l&#8217;esprit. Rose pour le quartz rose, qui renforce l&#8217;amour et la confiance en soi.\" \/>\n<meta property=\"og:url\" content=\"https:\/\/maperle.fr\/en\/produit\/ronde\/\" \/>\n<meta property=\"og:site_name\" content=\"Ma Perle\" \/>\n<meta property=\"article:modified_time\" content=\"2024-06-01T20:35:39+00:00\" \/>\n<meta property=\"og:image\" content=\"https:\/\/maperle.fr\/wp-content\/uploads\/2024\/05\/IMG-20240523-WA0099.jpg\" \/>\n\t<meta property=\"og:image:width\" content=\"1600\" \/>\n\t<meta property=\"og:image:height\" content=\"1584\" \/>\n\t<meta property=\"og:image:type\" content=\"image\/jpeg\" \/>\n<meta name=\"twitter:card\" content=\"summary_large_image\" \/>\n<script type=\"application\/ld+json\" class=\"yoast-schema-graph\">{\"@context\":\"https:\/\/schema.org\",\"@graph\":[{\"@type\":\"WebPage\",\"@id\":\"https:\/\/maperle.fr\/en\/produit\/ronde\/\",\"url\":\"https:\/\/maperle.fr\/en\/produit\/ronde\/\",\"name\":\"Ronde - Ma Perle\",\"isPartOf\":{\"@id\":\"https:\/\/maperle.fr\/en\/#website\"},\"primaryImageOfPage\":{\"@id\":\"https:\/\/maperle.fr\/en\/produit\/ronde\/#primaryimage\"},\"image\":{\"@id\":\"https:\/\/maperle.fr\/en\/produit\/ronde\/#primaryimage\"},\"thumbnailUrl\":\"https:\/\/maperle.fr\/wp-content\/uploads\/2024\/05\/IMG-20240523-WA0099.jpg\",\"datePublished\":\"2024-02-14T08:42:51+00:00\",\"dateModified\":\"2024-06-01T20:35:39+00:00\",\"breadcrumb\":{\"@id\":\"https:\/\/maperle.fr\/en\/produit\/ronde\/#breadcrumb\"},\"inLanguage\":\"en-US\",\"potentialAction\":[{\"@type\":\"ReadAction\",\"target\":[\"https:\/\/maperle.fr\/en\/produit\/ronde\/\"]}]},{\"@type\":\"ImageObject\",\"inLanguage\":\"en-US\",\"@id\":\"https:\/\/maperle.fr\/en\/produit\/ronde\/#primaryimage\",\"url\":\"https:\/\/maperle.fr\/wp-content\/uploads\/2024\/05\/IMG-20240523-WA0099.jpg\",\"contentUrl\":\"https:\/\/maperle.fr\/wp-content\/uploads\/2024\/05\/IMG-20240523-WA0099.jpg\",\"width\":1600,\"height\":1584},{\"@type\":\"BreadcrumbList\",\"@id\":\"https:\/\/maperle.fr\/en\/produit\/ronde\/#breadcrumb\",\"itemListElement\":[{\"@type\":\"ListItem\",\"position\":1,\"name\":\"Accueil\",\"item\":\"https:\/\/maperle.fr\/en\/\"},{\"@type\":\"ListItem\",\"position\":2,\"name\":\"Shop\",\"item\":\"https:\/\/maperle.fr\/en\/shop\/\"},{\"@type\":\"ListItem\",\"position\":3,\"name\":\"Ronde\"}]},{\"@type\":\"WebSite\",\"@id\":\"https:\/\/maperle.fr\/en\/#website\",\"url\":\"https:\/\/maperle.fr\/en\/\",\"name\":\"Ma Perle\",\"description\":\"\",\"publisher\":{\"@id\":\"https:\/\/maperle.fr\/en\/#organization\"},\"potentialAction\":[{\"@type\":\"SearchAction\",\"target\":{\"@type\":\"EntryPoint\",\"urlTemplate\":\"https:\/\/maperle.fr\/en\/?s={search_term_string}\"},\"query-input\":{\"@type\":\"PropertyValueSpecification\",\"valueRequired\":true,\"valueName\":\"search_term_string\"}}],\"inLanguage\":\"en-US\"},{\"@type\":\"Organization\",\"@id\":\"https:\/\/maperle.fr\/en\/#organization\",\"name\":\"Ma Perle\",\"url\":\"https:\/\/maperle.fr\/en\/\",\"logo\":{\"@type\":\"ImageObject\",\"inLanguage\":\"en-US\",\"@id\":\"https:\/\/maperle.fr\/en\/#\/schema\/logo\/image\/\",\"url\":\"https:\/\/maperle.fr\/wp-content\/uploads\/2023\/11\/cropped-maperle-logo.png\",\"contentUrl\":\"https:\/\/maperle.fr\/wp-content\/uploads\/2023\/11\/cropped-maperle-logo.png\",\"width\":512,\"height\":512,\"caption\":\"Ma Perle\"},\"image\":{\"@id\":\"https:\/\/maperle.fr\/en\/#\/schema\/logo\/image\/\"}}]}<\/script>\n<!-- \/ Yoast SEO plugin. -->","yoast_head_json":{"title":"Ronde - Ma Perle","robots":{"index":"index","follow":"follow","max-snippet":"max-snippet:-1","max-image-preview":"max-image-preview:large","max-video-preview":"max-video-preview:-1"},"canonical":"https:\/\/maperle.fr\/en\/produit\/ronde\/","og_locale":"en_US","og_type":"article","og_title":"Ronde - Ma Perle","og_description":"Ces boucles d&#8217;oreille sont en acier inoxydable. Marron pour l&#8217;\u0153il du tigre. En Feng Shui, cette pierre est utilis\u00e9e pour purifier, prot\u00e9ger et \u00e9loigner toutes influences n\u00e9gatives autour de vous. Noir pour l&#8217;h\u00e9matite, pierre \u00e9quilibrante du corps et de l&#8217;esprit. Rose pour le quartz rose, qui renforce l&#8217;amour et la confiance en soi.","og_url":"https:\/\/maperle.fr\/en\/produit\/ronde\/","og_site_name":"Ma Perle","article_modified_time":"2024-06-01T20:35:39+00:00","og_image":[{"width":1600,"height":1584,"url":"https:\/\/maperle.fr\/wp-content\/uploads\/2024\/05\/IMG-20240523-WA0099.jpg","type":"image\/jpeg"}],"twitter_card":"summary_large_image","schema":{"@context":"https:\/\/schema.org","@graph":[{"@type":"WebPage","@id":"https:\/\/maperle.fr\/en\/produit\/ronde\/","url":"https:\/\/maperle.fr\/en\/produit\/ronde\/","name":"Ronde - Ma Perle","isPartOf":{"@id":"https:\/\/maperle.fr\/en\/#website"},"primaryImageOfPage":{"@id":"https:\/\/maperle.fr\/en\/produit\/ronde\/#primaryimage"},"image":{"@id":"https:\/\/maperle.fr\/en\/produit\/ronde\/#primaryimage"},"thumbnailUrl":"https:\/\/maperle.fr\/wp-content\/uploads\/2024\/05\/IMG-20240523-WA0099.jpg","datePublished":"2024-02-14T08:42:51+00:00","dateModified":"2024-06-01T20:35:39+00:00","breadcrumb":{"@id":"https:\/\/maperle.fr\/en\/produit\/ronde\/#breadcrumb"},"inLanguage":"en-US","potentialAction":[{"@type":"ReadAction","target":["https:\/\/maperle.fr\/en\/produit\/ronde\/"]}]},{"@type":"ImageObject","inLanguage":"en-US","@id":"https:\/\/maperle.fr\/en\/produit\/ronde\/#primaryimage","url":"https:\/\/maperle.fr\/wp-content\/uploads\/2024\/05\/IMG-20240523-WA0099.jpg","contentUrl":"https:\/\/maperle.fr\/wp-content\/uploads\/2024\/05\/IMG-20240523-WA0099.jpg","width":1600,"height":1584},{"@type":"BreadcrumbList","@id":"https:\/\/maperle.fr\/en\/produit\/ronde\/#breadcrumb","itemListElement":[{"@type":"ListItem","position":1,"name":"Accueil","item":"https:\/\/maperle.fr\/en\/"},{"@type":"ListItem","position":2,"name":"Shop","item":"https:\/\/maperle.fr\/en\/shop\/"},{"@type":"ListItem","position":3,"name":"Ronde"}]},{"@type":"WebSite","@id":"https:\/\/maperle.fr\/en\/#website","url":"https:\/\/maperle.fr\/en\/","name":"Ma Perle","description":"","publisher":{"@id":"https:\/\/maperle.fr\/en\/#organization"},"potentialAction":[{"@type":"SearchAction","target":{"@type":"EntryPoint","urlTemplate":"https:\/\/maperle.fr\/en\/?s={search_term_string}"},"query-input":{"@type":"PropertyValueSpecification","valueRequired":true,"valueName":"search_term_string"}}],"inLanguage":"en-US"},{"@type":"Organization","@id":"https:\/\/maperle.fr\/en\/#organization","name":"Ma Perle","url":"https:\/\/maperle.fr\/en\/","logo":{"@type":"ImageObject","inLanguage":"en-US","@id":"https:\/\/maperle.fr\/en\/#\/schema\/logo\/image\/","url":"https:\/\/maperle.fr\/wp-content\/uploads\/2023\/11\/cropped-maperle-logo.png","contentUrl":"https:\/\/maperle.fr\/wp-content\/uploads\/2023\/11\/cropped-maperle-logo.png","width":512,"height":512,"caption":"Ma Perle"},"image":{"@id":"https:\/\/maperle.fr\/en\/#\/schema\/logo\/image\/"}}]}},"jetpack_sharing_enabled":true,"_links":{"self":[{"href":"https:\/\/maperle.fr\/en\/wp-json\/wp\/v2\/product\/100589","targetHints":{"allow":["GET"]}}],"collection":[{"href":"https:\/\/maperle.fr\/en\/wp-json\/wp\/v2\/product"}],"about":[{"href":"https:\/\/maperle.fr\/en\/wp-json\/wp\/v2\/types\/product"}],"replies":[{"embeddable":true,"href":"https:\/\/maperle.fr\/en\/wp-json\/wp\/v2\/comments?post=100589"}],"wp:featuredmedia":[{"embeddable":true,"href":"https:\/\/maperle.fr\/en\/wp-json\/wp\/v2\/media\/101185"}],"wp:attachment":[{"href":"https:\/\/maperle.fr\/en\/wp-json\/wp\/v2\/media?parent=100589"}],"wp:term":[{"taxonomy":"product_brand","embeddable":true,"href":"https:\/\/maperle.fr\/en\/wp-json\/wp\/v2\/product_brand?post=100589"},{"taxonomy":"product_cat","embeddable":true,"href":"https:\/\/maperle.fr\/en\/wp-json\/wp\/v2\/product_cat?post=100589"},{"taxonomy":"product_tag","embeddable":true,"href":"https:\/\/maperle.fr\/en\/wp-json\/wp\/v2\/product_tag?post=100589"}],"curies":[{"name":"wp","href":"https:\/\/api.w.org\/{rel}","templated":true}]}}