{"id":100254,"date":"2023-12-07T15:39:32","date_gmt":"2023-12-07T14:39:32","guid":{"rendered":"https:\/\/maperle.fr\/?post_type=product&#038;p=100254"},"modified":"2024-06-02T15:30:19","modified_gmt":"2024-06-02T14:30:19","slug":"constellation","status":"publish","type":"product","link":"https:\/\/maperle.fr\/en\/produit\/constellation\/","title":{"rendered":"Constellation"},"content":{"rendered":"<p>Ce collier chaine avec sa s\u00e9rie de perles de culture blanche est juste magnifique, \u00e9l\u00e9gant et raffin\u00e9.<\/p>\n<p>Les photos permettent de mieux visualiser les bijoux \u00e0 titre indicatif uniquement.<br \/>\nChaque perle de culture et chaque pierre sont uniques par leur forme, couleurs et nuances.<\/p>\n<p>&nbsp;<\/p>\n<div style=\"width: 960px;\" class=\"wp-video\"><video class=\"wp-video-shortcode\" id=\"video-100254-1\" width=\"960\" height=\"960\" preload=\"metadata\" controls=\"controls\"><source type=\"video\/mp4\" src=\"https:\/\/maperle.fr\/wp-content\/uploads\/2023\/12\/SKU029.mp4?_=1\" \/><a href=\"https:\/\/maperle.fr\/wp-content\/uploads\/2023\/12\/SKU029.mp4\">https:\/\/maperle.fr\/wp-content\/uploads\/2023\/12\/SKU029.mp4<\/a><\/video><\/div>\n","protected":false},"excerpt":{"rendered":"<p>Ce collier chaine avec sa s\u00e9rie de perles de culture blanche est juste magnifique, \u00e9l\u00e9gant et raffin\u00e9. Les photos permettent de mieux visualiser les bijoux \u00e0 titre indicatif uniquement. Chaque perle de culture et chaque pierre sont uniques par leur forme, couleurs et nuances. &nbsp;<\/p>\n","protected":false},"featured_media":100316,"comment_status":"closed","ping_status":"closed","template":"","meta":{"_et_pb_use_builder":"","_et_pb_old_content":"","_et_gb_content_width":""},"product_brand":[],"product_cat":[164,47,94,163,127,129,130,132,133,134],"product_tag":[],"class_list":{"0":"post-100254","1":"product","2":"type-product","3":"status-publish","4":"has-post-thumbnail","6":"product_cat-categories","7":"product_cat-collier","8":"product_cat-perle","9":"product_cat-collection","10":"product_cat-moderne","11":"product_cat-mariage","12":"product_cat-luxe","13":"product_cat-materiaux","14":"product_cat-argent-925","15":"product_cat-zirconium","17":"first","18":"instock","19":"shipping-taxable","20":"purchasable","21":"product-type-simple"},"yoast_head":"<!-- This site is optimized with the Yoast SEO plugin v24.7 - https:\/\/yoast.com\/wordpress\/plugins\/seo\/ -->\n<title>Constellation - Ma Perle<\/title>\n<meta name=\"robots\" content=\"index, follow, max-snippet:-1, max-image-preview:large, max-video-preview:-1\" \/>\n<link rel=\"canonical\" href=\"https:\/\/maperle.fr\/en\/produit\/constellation\/\" \/>\n<meta property=\"og:locale\" content=\"en_US\" \/>\n<meta property=\"og:type\" content=\"article\" \/>\n<meta property=\"og:title\" content=\"Constellation - Ma Perle\" \/>\n<meta property=\"og:description\" content=\"Ce collier chaine avec sa s\u00e9rie de perles de culture blanche est juste magnifique, \u00e9l\u00e9gant et raffin\u00e9. Les photos permettent de mieux visualiser les bijoux \u00e0 titre indicatif uniquement. Chaque perle de culture et chaque pierre sont uniques par leur forme, couleurs et nuances. &nbsp;\" \/>\n<meta property=\"og:url\" content=\"https:\/\/maperle.fr\/en\/produit\/constellation\/\" \/>\n<meta property=\"og:site_name\" content=\"Ma Perle\" \/>\n<meta property=\"article:modified_time\" content=\"2024-06-02T14:30:19+00:00\" \/>\n<meta property=\"og:image\" content=\"https:\/\/maperle.fr\/wp-content\/uploads\/2023\/12\/IMG-20231215-WA0030.jpg\" \/>\n\t<meta property=\"og:image:width\" content=\"1600\" \/>\n\t<meta property=\"og:image:height\" content=\"1600\" \/>\n\t<meta property=\"og:image:type\" content=\"image\/jpeg\" \/>\n<meta name=\"twitter:card\" content=\"summary_large_image\" \/>\n<script type=\"application\/ld+json\" class=\"yoast-schema-graph\">{\"@context\":\"https:\/\/schema.org\",\"@graph\":[{\"@type\":\"WebPage\",\"@id\":\"https:\/\/maperle.fr\/en\/produit\/constellation\/\",\"url\":\"https:\/\/maperle.fr\/en\/produit\/constellation\/\",\"name\":\"Constellation - Ma Perle\",\"isPartOf\":{\"@id\":\"https:\/\/maperle.fr\/en\/#website\"},\"primaryImageOfPage\":{\"@id\":\"https:\/\/maperle.fr\/en\/produit\/constellation\/#primaryimage\"},\"image\":{\"@id\":\"https:\/\/maperle.fr\/en\/produit\/constellation\/#primaryimage\"},\"thumbnailUrl\":\"https:\/\/maperle.fr\/wp-content\/uploads\/2023\/12\/IMG-20231215-WA0030.jpg\",\"datePublished\":\"2023-12-07T14:39:32+00:00\",\"dateModified\":\"2024-06-02T14:30:19+00:00\",\"breadcrumb\":{\"@id\":\"https:\/\/maperle.fr\/en\/produit\/constellation\/#breadcrumb\"},\"inLanguage\":\"en-US\",\"potentialAction\":[{\"@type\":\"ReadAction\",\"target\":[\"https:\/\/maperle.fr\/en\/produit\/constellation\/\"]}]},{\"@type\":\"ImageObject\",\"inLanguage\":\"en-US\",\"@id\":\"https:\/\/maperle.fr\/en\/produit\/constellation\/#primaryimage\",\"url\":\"https:\/\/maperle.fr\/wp-content\/uploads\/2023\/12\/IMG-20231215-WA0030.jpg\",\"contentUrl\":\"https:\/\/maperle.fr\/wp-content\/uploads\/2023\/12\/IMG-20231215-WA0030.jpg\",\"width\":1600,\"height\":1600},{\"@type\":\"BreadcrumbList\",\"@id\":\"https:\/\/maperle.fr\/en\/produit\/constellation\/#breadcrumb\",\"itemListElement\":[{\"@type\":\"ListItem\",\"position\":1,\"name\":\"Accueil\",\"item\":\"https:\/\/maperle.fr\/en\/\"},{\"@type\":\"ListItem\",\"position\":2,\"name\":\"Shop\",\"item\":\"https:\/\/maperle.fr\/en\/shop\/\"},{\"@type\":\"ListItem\",\"position\":3,\"name\":\"Constellation\"}]},{\"@type\":\"WebSite\",\"@id\":\"https:\/\/maperle.fr\/en\/#website\",\"url\":\"https:\/\/maperle.fr\/en\/\",\"name\":\"Ma Perle\",\"description\":\"\",\"publisher\":{\"@id\":\"https:\/\/maperle.fr\/en\/#organization\"},\"potentialAction\":[{\"@type\":\"SearchAction\",\"target\":{\"@type\":\"EntryPoint\",\"urlTemplate\":\"https:\/\/maperle.fr\/en\/?s={search_term_string}\"},\"query-input\":{\"@type\":\"PropertyValueSpecification\",\"valueRequired\":true,\"valueName\":\"search_term_string\"}}],\"inLanguage\":\"en-US\"},{\"@type\":\"Organization\",\"@id\":\"https:\/\/maperle.fr\/en\/#organization\",\"name\":\"Ma Perle\",\"url\":\"https:\/\/maperle.fr\/en\/\",\"logo\":{\"@type\":\"ImageObject\",\"inLanguage\":\"en-US\",\"@id\":\"https:\/\/maperle.fr\/en\/#\/schema\/logo\/image\/\",\"url\":\"https:\/\/maperle.fr\/wp-content\/uploads\/2023\/11\/cropped-maperle-logo.png\",\"contentUrl\":\"https:\/\/maperle.fr\/wp-content\/uploads\/2023\/11\/cropped-maperle-logo.png\",\"width\":512,\"height\":512,\"caption\":\"Ma Perle\"},\"image\":{\"@id\":\"https:\/\/maperle.fr\/en\/#\/schema\/logo\/image\/\"}}]}<\/script>\n<!-- \/ Yoast SEO plugin. -->","yoast_head_json":{"title":"Constellation - Ma Perle","robots":{"index":"index","follow":"follow","max-snippet":"max-snippet:-1","max-image-preview":"max-image-preview:large","max-video-preview":"max-video-preview:-1"},"canonical":"https:\/\/maperle.fr\/en\/produit\/constellation\/","og_locale":"en_US","og_type":"article","og_title":"Constellation - Ma Perle","og_description":"Ce collier chaine avec sa s\u00e9rie de perles de culture blanche est juste magnifique, \u00e9l\u00e9gant et raffin\u00e9. Les photos permettent de mieux visualiser les bijoux \u00e0 titre indicatif uniquement. Chaque perle de culture et chaque pierre sont uniques par leur forme, couleurs et nuances. &nbsp;","og_url":"https:\/\/maperle.fr\/en\/produit\/constellation\/","og_site_name":"Ma Perle","article_modified_time":"2024-06-02T14:30:19+00:00","og_image":[{"width":1600,"height":1600,"url":"https:\/\/maperle.fr\/wp-content\/uploads\/2023\/12\/IMG-20231215-WA0030.jpg","type":"image\/jpeg"}],"twitter_card":"summary_large_image","schema":{"@context":"https:\/\/schema.org","@graph":[{"@type":"WebPage","@id":"https:\/\/maperle.fr\/en\/produit\/constellation\/","url":"https:\/\/maperle.fr\/en\/produit\/constellation\/","name":"Constellation - Ma Perle","isPartOf":{"@id":"https:\/\/maperle.fr\/en\/#website"},"primaryImageOfPage":{"@id":"https:\/\/maperle.fr\/en\/produit\/constellation\/#primaryimage"},"image":{"@id":"https:\/\/maperle.fr\/en\/produit\/constellation\/#primaryimage"},"thumbnailUrl":"https:\/\/maperle.fr\/wp-content\/uploads\/2023\/12\/IMG-20231215-WA0030.jpg","datePublished":"2023-12-07T14:39:32+00:00","dateModified":"2024-06-02T14:30:19+00:00","breadcrumb":{"@id":"https:\/\/maperle.fr\/en\/produit\/constellation\/#breadcrumb"},"inLanguage":"en-US","potentialAction":[{"@type":"ReadAction","target":["https:\/\/maperle.fr\/en\/produit\/constellation\/"]}]},{"@type":"ImageObject","inLanguage":"en-US","@id":"https:\/\/maperle.fr\/en\/produit\/constellation\/#primaryimage","url":"https:\/\/maperle.fr\/wp-content\/uploads\/2023\/12\/IMG-20231215-WA0030.jpg","contentUrl":"https:\/\/maperle.fr\/wp-content\/uploads\/2023\/12\/IMG-20231215-WA0030.jpg","width":1600,"height":1600},{"@type":"BreadcrumbList","@id":"https:\/\/maperle.fr\/en\/produit\/constellation\/#breadcrumb","itemListElement":[{"@type":"ListItem","position":1,"name":"Accueil","item":"https:\/\/maperle.fr\/en\/"},{"@type":"ListItem","position":2,"name":"Shop","item":"https:\/\/maperle.fr\/en\/shop\/"},{"@type":"ListItem","position":3,"name":"Constellation"}]},{"@type":"WebSite","@id":"https:\/\/maperle.fr\/en\/#website","url":"https:\/\/maperle.fr\/en\/","name":"Ma Perle","description":"","publisher":{"@id":"https:\/\/maperle.fr\/en\/#organization"},"potentialAction":[{"@type":"SearchAction","target":{"@type":"EntryPoint","urlTemplate":"https:\/\/maperle.fr\/en\/?s={search_term_string}"},"query-input":{"@type":"PropertyValueSpecification","valueRequired":true,"valueName":"search_term_string"}}],"inLanguage":"en-US"},{"@type":"Organization","@id":"https:\/\/maperle.fr\/en\/#organization","name":"Ma Perle","url":"https:\/\/maperle.fr\/en\/","logo":{"@type":"ImageObject","inLanguage":"en-US","@id":"https:\/\/maperle.fr\/en\/#\/schema\/logo\/image\/","url":"https:\/\/maperle.fr\/wp-content\/uploads\/2023\/11\/cropped-maperle-logo.png","contentUrl":"https:\/\/maperle.fr\/wp-content\/uploads\/2023\/11\/cropped-maperle-logo.png","width":512,"height":512,"caption":"Ma Perle"},"image":{"@id":"https:\/\/maperle.fr\/en\/#\/schema\/logo\/image\/"}}]}},"jetpack_sharing_enabled":true,"_links":{"self":[{"href":"https:\/\/maperle.fr\/en\/wp-json\/wp\/v2\/product\/100254","targetHints":{"allow":["GET"]}}],"collection":[{"href":"https:\/\/maperle.fr\/en\/wp-json\/wp\/v2\/product"}],"about":[{"href":"https:\/\/maperle.fr\/en\/wp-json\/wp\/v2\/types\/product"}],"replies":[{"embeddable":true,"href":"https:\/\/maperle.fr\/en\/wp-json\/wp\/v2\/comments?post=100254"}],"wp:featuredmedia":[{"embeddable":true,"href":"https:\/\/maperle.fr\/en\/wp-json\/wp\/v2\/media\/100316"}],"wp:attachment":[{"href":"https:\/\/maperle.fr\/en\/wp-json\/wp\/v2\/media?parent=100254"}],"wp:term":[{"taxonomy":"product_brand","embeddable":true,"href":"https:\/\/maperle.fr\/en\/wp-json\/wp\/v2\/product_brand?post=100254"},{"taxonomy":"product_cat","embeddable":true,"href":"https:\/\/maperle.fr\/en\/wp-json\/wp\/v2\/product_cat?post=100254"},{"taxonomy":"product_tag","embeddable":true,"href":"https:\/\/maperle.fr\/en\/wp-json\/wp\/v2\/product_tag?post=100254"}],"curies":[{"name":"wp","href":"https:\/\/api.w.org\/{rel}","templated":true}]}}