{"id":100205,"date":"2023-12-07T14:54:10","date_gmt":"2023-12-07T13:54:10","guid":{"rendered":"https:\/\/maperle.fr\/?post_type=product&#038;p=100205"},"modified":"2024-01-26T09:29:03","modified_gmt":"2024-01-26T08:29:03","slug":"terre","status":"publish","type":"product","link":"https:\/\/maperle.fr\/en\/produit\/terre\/","title":{"rendered":"Terre"},"content":{"rendered":"<p>Ce collier chaine en argent avec sa boule de petites perles de culture blanches est tendance et original.<\/p>\n<p>Les photos permettent de mieux visualiser les bijoux \u00e0 titre indicatif uniquement.<br \/>\nChaque perle de culture et chaque pierre sont uniques par leur forme, couleurs et nuances.<br \/>\nLes vertus des pierres ne constituent nullement un traitement m\u00e9dical, donc \u00e0 utiliser avec recul et bon sens.<br \/>\nEn cas de probl\u00e8me de sant\u00e9, consultez votre m\u00e9decin.<\/p>\n<p>&nbsp;<\/p>\n<div style=\"width: 960px;\" class=\"wp-video\"><video class=\"wp-video-shortcode\" id=\"video-100205-1\" width=\"960\" height=\"960\" preload=\"metadata\" controls=\"controls\"><source type=\"video\/mp4\" src=\"https:\/\/maperle.fr\/wp-content\/uploads\/2023\/12\/SKU014.mp4?_=1\" \/><a href=\"https:\/\/maperle.fr\/wp-content\/uploads\/2023\/12\/SKU014.mp4\">https:\/\/maperle.fr\/wp-content\/uploads\/2023\/12\/SKU014.mp4<\/a><\/video><\/div>\n<p>&nbsp;<\/p>\n","protected":false},"excerpt":{"rendered":"<p>Ce collier chaine en argent avec sa boule de petites perles de culture blanches est tendance et original. Les photos permettent de mieux visualiser les bijoux \u00e0 titre indicatif uniquement. Chaque perle de culture et chaque pierre sont uniques par leur forme, couleurs et nuances. Les vertus des pierres ne constituent nullement un traitement m\u00e9dical, [&hellip;]<\/p>\n","protected":false},"featured_media":100298,"comment_status":"closed","ping_status":"closed","template":"","meta":{"_et_pb_use_builder":"","_et_pb_old_content":"","_et_gb_content_width":""},"product_brand":[],"product_cat":[47,94,128,133],"product_tag":[],"class_list":{"0":"post-100205","1":"product","2":"type-product","3":"status-publish","4":"has-post-thumbnail","6":"product_cat-collier","7":"product_cat-perle","8":"product_cat-classique","9":"product_cat-argent-925","11":"first","12":"instock","13":"shipping-taxable","14":"purchasable","15":"product-type-simple"},"yoast_head":"<!-- This site is optimized with the Yoast SEO plugin v24.7 - https:\/\/yoast.com\/wordpress\/plugins\/seo\/ -->\n<title>Terre - Ma Perle<\/title>\n<meta name=\"robots\" content=\"index, follow, max-snippet:-1, max-image-preview:large, max-video-preview:-1\" \/>\n<link rel=\"canonical\" href=\"https:\/\/maperle.fr\/en\/produit\/terre\/\" \/>\n<meta property=\"og:locale\" content=\"en_US\" \/>\n<meta property=\"og:type\" content=\"article\" \/>\n<meta property=\"og:title\" content=\"Terre - Ma Perle\" \/>\n<meta property=\"og:description\" content=\"Ce collier chaine en argent avec sa boule de petites perles de culture blanches est tendance et original. Les photos permettent de mieux visualiser les bijoux \u00e0 titre indicatif uniquement. Chaque perle de culture et chaque pierre sont uniques par leur forme, couleurs et nuances. Les vertus des pierres ne constituent nullement un traitement m\u00e9dical, [&hellip;]\" \/>\n<meta property=\"og:url\" content=\"https:\/\/maperle.fr\/en\/produit\/terre\/\" \/>\n<meta property=\"og:site_name\" content=\"Ma Perle\" \/>\n<meta property=\"article:modified_time\" content=\"2024-01-26T08:29:03+00:00\" \/>\n<meta property=\"og:image\" content=\"https:\/\/maperle.fr\/wp-content\/uploads\/2023\/12\/IMG-20231215-WA0016.jpg\" \/>\n\t<meta property=\"og:image:width\" content=\"1600\" \/>\n\t<meta property=\"og:image:height\" content=\"1600\" \/>\n\t<meta property=\"og:image:type\" content=\"image\/jpeg\" \/>\n<meta name=\"twitter:card\" content=\"summary_large_image\" \/>\n<script type=\"application\/ld+json\" class=\"yoast-schema-graph\">{\"@context\":\"https:\/\/schema.org\",\"@graph\":[{\"@type\":\"WebPage\",\"@id\":\"https:\/\/maperle.fr\/en\/produit\/terre\/\",\"url\":\"https:\/\/maperle.fr\/en\/produit\/terre\/\",\"name\":\"Terre - Ma Perle\",\"isPartOf\":{\"@id\":\"https:\/\/maperle.fr\/en\/#website\"},\"primaryImageOfPage\":{\"@id\":\"https:\/\/maperle.fr\/en\/produit\/terre\/#primaryimage\"},\"image\":{\"@id\":\"https:\/\/maperle.fr\/en\/produit\/terre\/#primaryimage\"},\"thumbnailUrl\":\"https:\/\/maperle.fr\/wp-content\/uploads\/2023\/12\/IMG-20231215-WA0016.jpg\",\"datePublished\":\"2023-12-07T13:54:10+00:00\",\"dateModified\":\"2024-01-26T08:29:03+00:00\",\"breadcrumb\":{\"@id\":\"https:\/\/maperle.fr\/en\/produit\/terre\/#breadcrumb\"},\"inLanguage\":\"en-US\",\"potentialAction\":[{\"@type\":\"ReadAction\",\"target\":[\"https:\/\/maperle.fr\/en\/produit\/terre\/\"]}]},{\"@type\":\"ImageObject\",\"inLanguage\":\"en-US\",\"@id\":\"https:\/\/maperle.fr\/en\/produit\/terre\/#primaryimage\",\"url\":\"https:\/\/maperle.fr\/wp-content\/uploads\/2023\/12\/IMG-20231215-WA0016.jpg\",\"contentUrl\":\"https:\/\/maperle.fr\/wp-content\/uploads\/2023\/12\/IMG-20231215-WA0016.jpg\",\"width\":1600,\"height\":1600},{\"@type\":\"BreadcrumbList\",\"@id\":\"https:\/\/maperle.fr\/en\/produit\/terre\/#breadcrumb\",\"itemListElement\":[{\"@type\":\"ListItem\",\"position\":1,\"name\":\"Accueil\",\"item\":\"https:\/\/maperle.fr\/en\/\"},{\"@type\":\"ListItem\",\"position\":2,\"name\":\"Shop\",\"item\":\"https:\/\/maperle.fr\/en\/shop\/\"},{\"@type\":\"ListItem\",\"position\":3,\"name\":\"Terre\"}]},{\"@type\":\"WebSite\",\"@id\":\"https:\/\/maperle.fr\/en\/#website\",\"url\":\"https:\/\/maperle.fr\/en\/\",\"name\":\"Ma Perle\",\"description\":\"\",\"publisher\":{\"@id\":\"https:\/\/maperle.fr\/en\/#organization\"},\"potentialAction\":[{\"@type\":\"SearchAction\",\"target\":{\"@type\":\"EntryPoint\",\"urlTemplate\":\"https:\/\/maperle.fr\/en\/?s={search_term_string}\"},\"query-input\":{\"@type\":\"PropertyValueSpecification\",\"valueRequired\":true,\"valueName\":\"search_term_string\"}}],\"inLanguage\":\"en-US\"},{\"@type\":\"Organization\",\"@id\":\"https:\/\/maperle.fr\/en\/#organization\",\"name\":\"Ma Perle\",\"url\":\"https:\/\/maperle.fr\/en\/\",\"logo\":{\"@type\":\"ImageObject\",\"inLanguage\":\"en-US\",\"@id\":\"https:\/\/maperle.fr\/en\/#\/schema\/logo\/image\/\",\"url\":\"https:\/\/maperle.fr\/wp-content\/uploads\/2023\/11\/cropped-maperle-logo.png\",\"contentUrl\":\"https:\/\/maperle.fr\/wp-content\/uploads\/2023\/11\/cropped-maperle-logo.png\",\"width\":512,\"height\":512,\"caption\":\"Ma Perle\"},\"image\":{\"@id\":\"https:\/\/maperle.fr\/en\/#\/schema\/logo\/image\/\"}}]}<\/script>\n<!-- \/ Yoast SEO plugin. -->","yoast_head_json":{"title":"Terre - Ma Perle","robots":{"index":"index","follow":"follow","max-snippet":"max-snippet:-1","max-image-preview":"max-image-preview:large","max-video-preview":"max-video-preview:-1"},"canonical":"https:\/\/maperle.fr\/en\/produit\/terre\/","og_locale":"en_US","og_type":"article","og_title":"Terre - Ma Perle","og_description":"Ce collier chaine en argent avec sa boule de petites perles de culture blanches est tendance et original. Les photos permettent de mieux visualiser les bijoux \u00e0 titre indicatif uniquement. Chaque perle de culture et chaque pierre sont uniques par leur forme, couleurs et nuances. Les vertus des pierres ne constituent nullement un traitement m\u00e9dical, [&hellip;]","og_url":"https:\/\/maperle.fr\/en\/produit\/terre\/","og_site_name":"Ma Perle","article_modified_time":"2024-01-26T08:29:03+00:00","og_image":[{"width":1600,"height":1600,"url":"https:\/\/maperle.fr\/wp-content\/uploads\/2023\/12\/IMG-20231215-WA0016.jpg","type":"image\/jpeg"}],"twitter_card":"summary_large_image","schema":{"@context":"https:\/\/schema.org","@graph":[{"@type":"WebPage","@id":"https:\/\/maperle.fr\/en\/produit\/terre\/","url":"https:\/\/maperle.fr\/en\/produit\/terre\/","name":"Terre - Ma Perle","isPartOf":{"@id":"https:\/\/maperle.fr\/en\/#website"},"primaryImageOfPage":{"@id":"https:\/\/maperle.fr\/en\/produit\/terre\/#primaryimage"},"image":{"@id":"https:\/\/maperle.fr\/en\/produit\/terre\/#primaryimage"},"thumbnailUrl":"https:\/\/maperle.fr\/wp-content\/uploads\/2023\/12\/IMG-20231215-WA0016.jpg","datePublished":"2023-12-07T13:54:10+00:00","dateModified":"2024-01-26T08:29:03+00:00","breadcrumb":{"@id":"https:\/\/maperle.fr\/en\/produit\/terre\/#breadcrumb"},"inLanguage":"en-US","potentialAction":[{"@type":"ReadAction","target":["https:\/\/maperle.fr\/en\/produit\/terre\/"]}]},{"@type":"ImageObject","inLanguage":"en-US","@id":"https:\/\/maperle.fr\/en\/produit\/terre\/#primaryimage","url":"https:\/\/maperle.fr\/wp-content\/uploads\/2023\/12\/IMG-20231215-WA0016.jpg","contentUrl":"https:\/\/maperle.fr\/wp-content\/uploads\/2023\/12\/IMG-20231215-WA0016.jpg","width":1600,"height":1600},{"@type":"BreadcrumbList","@id":"https:\/\/maperle.fr\/en\/produit\/terre\/#breadcrumb","itemListElement":[{"@type":"ListItem","position":1,"name":"Accueil","item":"https:\/\/maperle.fr\/en\/"},{"@type":"ListItem","position":2,"name":"Shop","item":"https:\/\/maperle.fr\/en\/shop\/"},{"@type":"ListItem","position":3,"name":"Terre"}]},{"@type":"WebSite","@id":"https:\/\/maperle.fr\/en\/#website","url":"https:\/\/maperle.fr\/en\/","name":"Ma Perle","description":"","publisher":{"@id":"https:\/\/maperle.fr\/en\/#organization"},"potentialAction":[{"@type":"SearchAction","target":{"@type":"EntryPoint","urlTemplate":"https:\/\/maperle.fr\/en\/?s={search_term_string}"},"query-input":{"@type":"PropertyValueSpecification","valueRequired":true,"valueName":"search_term_string"}}],"inLanguage":"en-US"},{"@type":"Organization","@id":"https:\/\/maperle.fr\/en\/#organization","name":"Ma Perle","url":"https:\/\/maperle.fr\/en\/","logo":{"@type":"ImageObject","inLanguage":"en-US","@id":"https:\/\/maperle.fr\/en\/#\/schema\/logo\/image\/","url":"https:\/\/maperle.fr\/wp-content\/uploads\/2023\/11\/cropped-maperle-logo.png","contentUrl":"https:\/\/maperle.fr\/wp-content\/uploads\/2023\/11\/cropped-maperle-logo.png","width":512,"height":512,"caption":"Ma Perle"},"image":{"@id":"https:\/\/maperle.fr\/en\/#\/schema\/logo\/image\/"}}]}},"jetpack_sharing_enabled":true,"_links":{"self":[{"href":"https:\/\/maperle.fr\/en\/wp-json\/wp\/v2\/product\/100205","targetHints":{"allow":["GET"]}}],"collection":[{"href":"https:\/\/maperle.fr\/en\/wp-json\/wp\/v2\/product"}],"about":[{"href":"https:\/\/maperle.fr\/en\/wp-json\/wp\/v2\/types\/product"}],"replies":[{"embeddable":true,"href":"https:\/\/maperle.fr\/en\/wp-json\/wp\/v2\/comments?post=100205"}],"wp:featuredmedia":[{"embeddable":true,"href":"https:\/\/maperle.fr\/en\/wp-json\/wp\/v2\/media\/100298"}],"wp:attachment":[{"href":"https:\/\/maperle.fr\/en\/wp-json\/wp\/v2\/media?parent=100205"}],"wp:term":[{"taxonomy":"product_brand","embeddable":true,"href":"https:\/\/maperle.fr\/en\/wp-json\/wp\/v2\/product_brand?post=100205"},{"taxonomy":"product_cat","embeddable":true,"href":"https:\/\/maperle.fr\/en\/wp-json\/wp\/v2\/product_cat?post=100205"},{"taxonomy":"product_tag","embeddable":true,"href":"https:\/\/maperle.fr\/en\/wp-json\/wp\/v2\/product_tag?post=100205"}],"curies":[{"name":"wp","href":"https:\/\/api.w.org\/{rel}","templated":true}]}}