{"id":100162,"date":"2023-12-07T14:10:36","date_gmt":"2023-12-07T13:10:36","guid":{"rendered":"https:\/\/maperle.fr\/?post_type=product&#038;p=100162"},"modified":"2024-06-02T16:52:24","modified_gmt":"2024-06-02T15:52:24","slug":"solitaire","status":"publish","type":"product","link":"https:\/\/maperle.fr\/en\/produit\/solitaire\/","title":{"rendered":"Solitaire"},"content":{"rendered":"<p>Cette chaine en argent avec sa perle de culture de l&#8217;\u00eele de Phu Quoc est d&#8217;une simplicit\u00e9 tr\u00e8s chic. Elle se mariera parfaitement avec toutes vos tenues de jour comme de nuit.<\/p>\n<p>Les photos permettent de mieux visualiser les bijoux \u00e0 titre indicatif uniquement. Chaque perle de culture et chaque pierre sont uniques par leur forme, couleurs et nuances.<\/p>\n<div style=\"width: 960px;\" class=\"wp-video\"><video class=\"wp-video-shortcode\" id=\"video-100162-1\" width=\"960\" height=\"960\" preload=\"metadata\" controls=\"controls\"><source type=\"video\/mp4\" src=\"https:\/\/maperle.fr\/wp-content\/uploads\/2023\/12\/SKU003-1.mp4?_=1\" \/><a href=\"https:\/\/maperle.fr\/wp-content\/uploads\/2023\/12\/SKU003-1.mp4\">https:\/\/maperle.fr\/wp-content\/uploads\/2023\/12\/SKU003-1.mp4<\/a><\/video><\/div>\n<p>&nbsp;<\/p>\n<div style=\"width: 960px;\" class=\"wp-video\"><video class=\"wp-video-shortcode\" id=\"video-100162-2\" width=\"960\" height=\"960\" preload=\"metadata\" controls=\"controls\"><source type=\"video\/mp4\" src=\"https:\/\/maperle.fr\/wp-content\/uploads\/2023\/12\/SKU004.mp4?_=2\" \/><a href=\"https:\/\/maperle.fr\/wp-content\/uploads\/2023\/12\/SKU004.mp4\">https:\/\/maperle.fr\/wp-content\/uploads\/2023\/12\/SKU004.mp4<\/a><\/video><\/div>\n<p>&nbsp;<\/p>\n<div style=\"width: 960px;\" class=\"wp-video\"><video class=\"wp-video-shortcode\" id=\"video-100162-3\" width=\"960\" height=\"960\" preload=\"metadata\" controls=\"controls\"><source type=\"video\/mp4\" src=\"https:\/\/maperle.fr\/wp-content\/uploads\/2023\/12\/SKU005.mp4?_=3\" \/><a href=\"https:\/\/maperle.fr\/wp-content\/uploads\/2023\/12\/SKU005.mp4\">https:\/\/maperle.fr\/wp-content\/uploads\/2023\/12\/SKU005.mp4<\/a><\/video><\/div>\n<p>&nbsp;<\/p>\n","protected":false},"excerpt":{"rendered":"<p>Cette chaine en argent avec sa perle de culture de l&#8217;\u00eele de Phu Quoc est d&#8217;une simplicit\u00e9 tr\u00e8s chic. Elle se mariera parfaitement avec toutes vos tenues de jour comme de nuit. Les photos permettent de mieux visualiser les bijoux \u00e0 titre indicatif uniquement. Chaque perle de culture et chaque pierre sont uniques par leur [&hellip;]<\/p>\n","protected":false},"featured_media":100284,"comment_status":"closed","ping_status":"closed","template":"","meta":{"_et_pb_use_builder":"off","_et_pb_old_content":"Cette chaine en argent avec sa perle de culture de l'\u00eele de Phu Quoc est d'une simplicit\u00e9 tr\u00e8s chic. Elle se mariera parfaitement avec toutes vos tenues de jour comme de nuit.\r\n\r\nLes photos permettent de mieux visualiser les bijoux \u00e0 titre indicatif uniquement.\r\nChaque perle de culture et chaque pierre sont uniques par leur forme, couleurs et nuances.\r\nLes vertus des pierres ne constituent nullement un traitement m\u00e9dical, donc \u00e0 utiliser avec recul et bon sens.\r\nEn cas de probl\u00e8me de sant\u00e9, consultez votre m\u00e9decin.\r\n\r\n\u00a0\r\n\r\n[video width=\"960\" height=\"960\" mp4=\"https:\/\/maperle.fr\/wp-content\/uploads\/2023\/12\/SKU003-1.mp4\"][\/video]\r\n\r\n\u00a0\r\n\r\n[video width=\"960\" height=\"960\" mp4=\"https:\/\/maperle.fr\/wp-content\/uploads\/2023\/12\/SKU004.mp4\"][\/video]\r\n\r\n\u00a0\r\n\r\n[video width=\"960\" height=\"960\" mp4=\"https:\/\/maperle.fr\/wp-content\/uploads\/2023\/12\/SKU005.mp4\"][\/video]\r\n\r\n\u00a0","_et_gb_content_width":""},"product_brand":[],"product_cat":[164,47,94,163,127,129,132,133],"product_tag":[],"class_list":{"0":"post-100162","1":"product","2":"type-product","3":"status-publish","4":"has-post-thumbnail","6":"product_cat-categories","7":"product_cat-collier","8":"product_cat-perle","9":"product_cat-collection","10":"product_cat-moderne","11":"product_cat-mariage","12":"product_cat-materiaux","13":"product_cat-argent-925","15":"first","16":"instock","17":"shipping-taxable","18":"purchasable","19":"product-type-variable"},"yoast_head":"<!-- This site is optimized with the Yoast SEO plugin v24.7 - https:\/\/yoast.com\/wordpress\/plugins\/seo\/ -->\n<title>Solitaire - Ma Perle<\/title>\n<meta name=\"robots\" content=\"index, follow, max-snippet:-1, max-image-preview:large, max-video-preview:-1\" \/>\n<link rel=\"canonical\" href=\"https:\/\/maperle.fr\/en\/produit\/solitaire\/\" \/>\n<meta property=\"og:locale\" content=\"en_US\" \/>\n<meta property=\"og:type\" content=\"article\" \/>\n<meta property=\"og:title\" content=\"Solitaire - Ma Perle\" \/>\n<meta property=\"og:description\" content=\"Cette chaine en argent avec sa perle de culture de l&#8217;\u00eele de Phu Quoc est d&#8217;une simplicit\u00e9 tr\u00e8s chic. Elle se mariera parfaitement avec toutes vos tenues de jour comme de nuit. Les photos permettent de mieux visualiser les bijoux \u00e0 titre indicatif uniquement. Chaque perle de culture et chaque pierre sont uniques par leur [&hellip;]\" \/>\n<meta property=\"og:url\" content=\"https:\/\/maperle.fr\/en\/produit\/solitaire\/\" \/>\n<meta property=\"og:site_name\" content=\"Ma Perle\" \/>\n<meta property=\"article:modified_time\" content=\"2024-06-02T15:52:24+00:00\" \/>\n<meta property=\"og:image\" content=\"https:\/\/maperle.fr\/wp-content\/uploads\/2023\/12\/IMG-20231215-WA0004.jpg\" \/>\n\t<meta property=\"og:image:width\" content=\"1600\" \/>\n\t<meta property=\"og:image:height\" content=\"1600\" \/>\n\t<meta property=\"og:image:type\" content=\"image\/jpeg\" \/>\n<meta name=\"twitter:card\" content=\"summary_large_image\" \/>\n<meta name=\"twitter:label1\" content=\"Est. reading time\" \/>\n\t<meta name=\"twitter:data1\" content=\"1 minute\" \/>\n<script type=\"application\/ld+json\" class=\"yoast-schema-graph\">{\"@context\":\"https:\/\/schema.org\",\"@graph\":[{\"@type\":\"WebPage\",\"@id\":\"https:\/\/maperle.fr\/en\/produit\/solitaire\/\",\"url\":\"https:\/\/maperle.fr\/en\/produit\/solitaire\/\",\"name\":\"Solitaire - Ma Perle\",\"isPartOf\":{\"@id\":\"https:\/\/maperle.fr\/en\/#website\"},\"primaryImageOfPage\":{\"@id\":\"https:\/\/maperle.fr\/en\/produit\/solitaire\/#primaryimage\"},\"image\":{\"@id\":\"https:\/\/maperle.fr\/en\/produit\/solitaire\/#primaryimage\"},\"thumbnailUrl\":\"https:\/\/maperle.fr\/wp-content\/uploads\/2023\/12\/IMG-20231215-WA0004.jpg\",\"datePublished\":\"2023-12-07T13:10:36+00:00\",\"dateModified\":\"2024-06-02T15:52:24+00:00\",\"breadcrumb\":{\"@id\":\"https:\/\/maperle.fr\/en\/produit\/solitaire\/#breadcrumb\"},\"inLanguage\":\"en-US\",\"potentialAction\":[{\"@type\":\"ReadAction\",\"target\":[\"https:\/\/maperle.fr\/en\/produit\/solitaire\/\"]}]},{\"@type\":\"ImageObject\",\"inLanguage\":\"en-US\",\"@id\":\"https:\/\/maperle.fr\/en\/produit\/solitaire\/#primaryimage\",\"url\":\"https:\/\/maperle.fr\/wp-content\/uploads\/2023\/12\/IMG-20231215-WA0004.jpg\",\"contentUrl\":\"https:\/\/maperle.fr\/wp-content\/uploads\/2023\/12\/IMG-20231215-WA0004.jpg\",\"width\":1600,\"height\":1600},{\"@type\":\"BreadcrumbList\",\"@id\":\"https:\/\/maperle.fr\/en\/produit\/solitaire\/#breadcrumb\",\"itemListElement\":[{\"@type\":\"ListItem\",\"position\":1,\"name\":\"Accueil\",\"item\":\"https:\/\/maperle.fr\/en\/\"},{\"@type\":\"ListItem\",\"position\":2,\"name\":\"Shop\",\"item\":\"https:\/\/maperle.fr\/en\/shop\/\"},{\"@type\":\"ListItem\",\"position\":3,\"name\":\"Solitaire\"}]},{\"@type\":\"WebSite\",\"@id\":\"https:\/\/maperle.fr\/en\/#website\",\"url\":\"https:\/\/maperle.fr\/en\/\",\"name\":\"Ma Perle\",\"description\":\"\",\"publisher\":{\"@id\":\"https:\/\/maperle.fr\/en\/#organization\"},\"potentialAction\":[{\"@type\":\"SearchAction\",\"target\":{\"@type\":\"EntryPoint\",\"urlTemplate\":\"https:\/\/maperle.fr\/en\/?s={search_term_string}\"},\"query-input\":{\"@type\":\"PropertyValueSpecification\",\"valueRequired\":true,\"valueName\":\"search_term_string\"}}],\"inLanguage\":\"en-US\"},{\"@type\":\"Organization\",\"@id\":\"https:\/\/maperle.fr\/en\/#organization\",\"name\":\"Ma Perle\",\"url\":\"https:\/\/maperle.fr\/en\/\",\"logo\":{\"@type\":\"ImageObject\",\"inLanguage\":\"en-US\",\"@id\":\"https:\/\/maperle.fr\/en\/#\/schema\/logo\/image\/\",\"url\":\"https:\/\/maperle.fr\/wp-content\/uploads\/2023\/11\/cropped-maperle-logo.png\",\"contentUrl\":\"https:\/\/maperle.fr\/wp-content\/uploads\/2023\/11\/cropped-maperle-logo.png\",\"width\":512,\"height\":512,\"caption\":\"Ma Perle\"},\"image\":{\"@id\":\"https:\/\/maperle.fr\/en\/#\/schema\/logo\/image\/\"}}]}<\/script>\n<!-- \/ Yoast SEO plugin. -->","yoast_head_json":{"title":"Solitaire - Ma Perle","robots":{"index":"index","follow":"follow","max-snippet":"max-snippet:-1","max-image-preview":"max-image-preview:large","max-video-preview":"max-video-preview:-1"},"canonical":"https:\/\/maperle.fr\/en\/produit\/solitaire\/","og_locale":"en_US","og_type":"article","og_title":"Solitaire - Ma Perle","og_description":"Cette chaine en argent avec sa perle de culture de l&#8217;\u00eele de Phu Quoc est d&#8217;une simplicit\u00e9 tr\u00e8s chic. Elle se mariera parfaitement avec toutes vos tenues de jour comme de nuit. Les photos permettent de mieux visualiser les bijoux \u00e0 titre indicatif uniquement. Chaque perle de culture et chaque pierre sont uniques par leur [&hellip;]","og_url":"https:\/\/maperle.fr\/en\/produit\/solitaire\/","og_site_name":"Ma Perle","article_modified_time":"2024-06-02T15:52:24+00:00","og_image":[{"width":1600,"height":1600,"url":"https:\/\/maperle.fr\/wp-content\/uploads\/2023\/12\/IMG-20231215-WA0004.jpg","type":"image\/jpeg"}],"twitter_card":"summary_large_image","twitter_misc":{"Est. reading time":"1 minute"},"schema":{"@context":"https:\/\/schema.org","@graph":[{"@type":"WebPage","@id":"https:\/\/maperle.fr\/en\/produit\/solitaire\/","url":"https:\/\/maperle.fr\/en\/produit\/solitaire\/","name":"Solitaire - Ma Perle","isPartOf":{"@id":"https:\/\/maperle.fr\/en\/#website"},"primaryImageOfPage":{"@id":"https:\/\/maperle.fr\/en\/produit\/solitaire\/#primaryimage"},"image":{"@id":"https:\/\/maperle.fr\/en\/produit\/solitaire\/#primaryimage"},"thumbnailUrl":"https:\/\/maperle.fr\/wp-content\/uploads\/2023\/12\/IMG-20231215-WA0004.jpg","datePublished":"2023-12-07T13:10:36+00:00","dateModified":"2024-06-02T15:52:24+00:00","breadcrumb":{"@id":"https:\/\/maperle.fr\/en\/produit\/solitaire\/#breadcrumb"},"inLanguage":"en-US","potentialAction":[{"@type":"ReadAction","target":["https:\/\/maperle.fr\/en\/produit\/solitaire\/"]}]},{"@type":"ImageObject","inLanguage":"en-US","@id":"https:\/\/maperle.fr\/en\/produit\/solitaire\/#primaryimage","url":"https:\/\/maperle.fr\/wp-content\/uploads\/2023\/12\/IMG-20231215-WA0004.jpg","contentUrl":"https:\/\/maperle.fr\/wp-content\/uploads\/2023\/12\/IMG-20231215-WA0004.jpg","width":1600,"height":1600},{"@type":"BreadcrumbList","@id":"https:\/\/maperle.fr\/en\/produit\/solitaire\/#breadcrumb","itemListElement":[{"@type":"ListItem","position":1,"name":"Accueil","item":"https:\/\/maperle.fr\/en\/"},{"@type":"ListItem","position":2,"name":"Shop","item":"https:\/\/maperle.fr\/en\/shop\/"},{"@type":"ListItem","position":3,"name":"Solitaire"}]},{"@type":"WebSite","@id":"https:\/\/maperle.fr\/en\/#website","url":"https:\/\/maperle.fr\/en\/","name":"Ma Perle","description":"","publisher":{"@id":"https:\/\/maperle.fr\/en\/#organization"},"potentialAction":[{"@type":"SearchAction","target":{"@type":"EntryPoint","urlTemplate":"https:\/\/maperle.fr\/en\/?s={search_term_string}"},"query-input":{"@type":"PropertyValueSpecification","valueRequired":true,"valueName":"search_term_string"}}],"inLanguage":"en-US"},{"@type":"Organization","@id":"https:\/\/maperle.fr\/en\/#organization","name":"Ma Perle","url":"https:\/\/maperle.fr\/en\/","logo":{"@type":"ImageObject","inLanguage":"en-US","@id":"https:\/\/maperle.fr\/en\/#\/schema\/logo\/image\/","url":"https:\/\/maperle.fr\/wp-content\/uploads\/2023\/11\/cropped-maperle-logo.png","contentUrl":"https:\/\/maperle.fr\/wp-content\/uploads\/2023\/11\/cropped-maperle-logo.png","width":512,"height":512,"caption":"Ma Perle"},"image":{"@id":"https:\/\/maperle.fr\/en\/#\/schema\/logo\/image\/"}}]}},"jetpack_sharing_enabled":true,"_links":{"self":[{"href":"https:\/\/maperle.fr\/en\/wp-json\/wp\/v2\/product\/100162","targetHints":{"allow":["GET"]}}],"collection":[{"href":"https:\/\/maperle.fr\/en\/wp-json\/wp\/v2\/product"}],"about":[{"href":"https:\/\/maperle.fr\/en\/wp-json\/wp\/v2\/types\/product"}],"replies":[{"embeddable":true,"href":"https:\/\/maperle.fr\/en\/wp-json\/wp\/v2\/comments?post=100162"}],"wp:featuredmedia":[{"embeddable":true,"href":"https:\/\/maperle.fr\/en\/wp-json\/wp\/v2\/media\/100284"}],"wp:attachment":[{"href":"https:\/\/maperle.fr\/en\/wp-json\/wp\/v2\/media?parent=100162"}],"wp:term":[{"taxonomy":"product_brand","embeddable":true,"href":"https:\/\/maperle.fr\/en\/wp-json\/wp\/v2\/product_brand?post=100162"},{"taxonomy":"product_cat","embeddable":true,"href":"https:\/\/maperle.fr\/en\/wp-json\/wp\/v2\/product_cat?post=100162"},{"taxonomy":"product_tag","embeddable":true,"href":"https:\/\/maperle.fr\/en\/wp-json\/wp\/v2\/product_tag?post=100162"}],"curies":[{"name":"wp","href":"https:\/\/api.w.org\/{rel}","templated":true}]}}